{"id":2921,"date":"2017-06-27T20:23:15","date_gmt":"2017-06-27T18:23:15","guid":{"rendered":"http:\/\/rent-rest.si\/?page_id=2921\/"},"modified":"2025-11-11T13:36:55","modified_gmt":"2025-11-11T12:36:55","slug":"front-page-en","status":"publish","type":"page","link":"https:\/\/rent-rest.si\/en\/","title":{"rendered":"Home"},"content":{"rendered":"<div id=\"pl-2921\"  class=\"panel-layout\" ><div id=\"pg-2921-0\"  class=\"panel-grid panel-no-style\" ><div id=\"pgc-2921-0-0\"  class=\"panel-grid-cell panel-grid-cell-empty\" ><\/div><\/div><div id=\"pg-2921-1\"  class=\"panel-grid panel-no-style\" ><div id=\"pgc-2921-1-0\"  class=\"panel-grid-cell\" ><div id=\"panel-2921-1-0-0\" class=\"so-panel widget widget_pt_icon_box widget-icon-box panel-first-child panel-last-child\" data-index=\"0\" >\t\t\t<div class=\"icon-box\">\n\t\t\t\t\t\t\t<i class=\"fa  fa-home  fa-3x\"><\/i>\n\t\t\t\t<div class=\"icon-box__text\">\n\t\t\t\t\t<h4 class=\"icon-box__title\">Selected apartments<\/h4>\n\t\t\t\t\t<span class=\"icon-box__subtitle\">All the apartments available for rent are the property of our company and equipped with high-standard furniture and appliances.<\/span>\n\t\t\t\t<\/div>\n\t\t\t<\/div>\n\t\t\t<\/div><\/div><div id=\"pgc-2921-1-1\"  class=\"panel-grid-cell\" ><div id=\"panel-2921-1-1-0\" class=\"so-panel widget widget_pt_icon_box widget-icon-box panel-first-child panel-last-child\" data-index=\"1\" >\t\t\t<div class=\"icon-box\">\n\t\t\t\t\t\t\t<i class=\"fa  fa-map-marker  fa-3x\"><\/i>\n\t\t\t\t<div class=\"icon-box__text\">\n\t\t\t\t\t<h4 class=\"icon-box__title\">Great locations<\/h4>\n\t\t\t\t\t<span class=\"icon-box__subtitle\">You can choose from different apartments in Slovenia and abroad.<\/span>\n\t\t\t\t<\/div>\n\t\t\t<\/div>\n\t\t\t<\/div><\/div><div id=\"pgc-2921-1-2\"  class=\"panel-grid-cell\" ><div id=\"panel-2921-1-2-0\" class=\"so-panel widget widget_pt_icon_box widget-icon-box panel-first-child panel-last-child\" data-index=\"2\" >\t\t\t<div class=\"icon-box\">\n\t\t\t\t\t\t\t<i class=\"fa  fa-money  fa-3x\"><\/i>\n\t\t\t\t<div class=\"icon-box__text\">\n\t\t\t\t\t<h4 class=\"icon-box__title\">Excellent decision<\/h4>\n\t\t\t\t\t<span class=\"icon-box__subtitle\">You can enjoy your vacations and have a good long rest, as our apartment is designed to fulfil all your needs, as well as the needs of your closest family and friends.<\/span>\n\t\t\t\t<\/div>\n\t\t\t<\/div>\n\t\t\t<\/div><\/div><\/div><div id=\"pg-2921-2\"  class=\"panel-grid panel-no-style\" ><div id=\"pgc-2921-2-0\"  class=\"panel-grid-cell\" ><div id=\"panel-2921-2-0-0\" class=\"so-panel widget widget_siteorigin-panels-builder panel-first-child panel-last-child\" data-index=\"3\" ><div id=\"pl-w69132d2f75242\"  class=\"panel-layout\" ><div id=\"pg-w69132d2f75242-0\"  class=\"panel-grid panel-no-style\" ><div id=\"pgc-w69132d2f75242-0-0\"  class=\"panel-grid-cell\" ><div id=\"panel-w69132d2f75242-0-0-0\" class=\"so-panel widget widget_sow-image panel-first-child panel-last-child\" data-index=\"0\" ><div\n\t\t\t\n\t\t\tclass=\"so-widget-sow-image so-widget-sow-image-default-8b5b6f678277\"\n\t\t\t\n\t\t><h3 class=\"widget-title\">Aquamarina Gran Canaria 1<\/h3>\n<div class=\"sow-image-container\">\n\t\t\t<a href=\"https:\/\/rent-rest.si\/en\/nepremicnine\/aquamarina-resort-gran-canaria-apartment-1\/\"\n\t\t\t\t\t>\n\t\t\t<img \n\tsrc=\"https:\/\/rent-rest.si\/wp-content\/uploads\/2014\/10\/aquamarina-resort-balkon-2-555x370.jpg\" width=\"555\" height=\"370\" srcset=\"https:\/\/rent-rest.si\/wp-content\/uploads\/2014\/10\/aquamarina-resort-balkon-2-555x370.jpg 555w, https:\/\/rent-rest.si\/wp-content\/uploads\/2014\/10\/aquamarina-resort-balkon-2-300x200.jpg 300w, https:\/\/rent-rest.si\/wp-content\/uploads\/2014\/10\/aquamarina-resort-balkon-2-768x512.jpg 768w, https:\/\/rent-rest.si\/wp-content\/uploads\/2014\/10\/aquamarina-resort-balkon-2-1024x683.jpg 1024w, https:\/\/rent-rest.si\/wp-content\/uploads\/2014\/10\/aquamarina-resort-balkon-2.jpg 1200w\" sizes=\"(max-width: 555px) 100vw, 555px\" title=\"Aquamarina Gran Canaria 1\" alt=\"\" \t\tclass=\"so-widget-image\"\/>\n\t\t\t<\/a><\/div>\n\n<\/div><\/div><\/div><div id=\"pgc-w69132d2f75242-0-1\"  class=\"panel-grid-cell\" ><div id=\"panel-w69132d2f75242-0-1-0\" class=\"so-panel widget widget_sow-image panel-first-child panel-last-child\" data-index=\"1\" ><div\n\t\t\t\n\t\t\tclass=\"so-widget-sow-image so-widget-sow-image-default-8b5b6f678277\"\n\t\t\t\n\t\t><h3 class=\"widget-title\">Sheltered apartment MGC Dom\u017eale<\/h3>\n<div class=\"sow-image-container\">\n\t\t\t<a href=\"https:\/\/rent-rest.si\/en\/nepremicnine\/sheltered-apartment-mgc-domzale\/\"\n\t\t\t\t\t>\n\t\t\t<img \n\tsrc=\"https:\/\/rent-rest.si\/wp-content\/uploads\/2022\/01\/mgc2-domzale-not-555x370.jpg\" width=\"555\" height=\"370\" srcset=\"https:\/\/rent-rest.si\/wp-content\/uploads\/2022\/01\/mgc2-domzale-not-555x370.jpg 555w, https:\/\/rent-rest.si\/wp-content\/uploads\/2022\/01\/mgc2-domzale-not-300x200.jpg 300w, https:\/\/rent-rest.si\/wp-content\/uploads\/2022\/01\/mgc2-domzale-not-1024x683.jpg 1024w, https:\/\/rent-rest.si\/wp-content\/uploads\/2022\/01\/mgc2-domzale-not-768x512.jpg 768w, https:\/\/rent-rest.si\/wp-content\/uploads\/2022\/01\/mgc2-domzale-not-1536x1024.jpg 1536w, https:\/\/rent-rest.si\/wp-content\/uploads\/2022\/01\/mgc2-domzale-not-272x182.jpg 272w, https:\/\/rent-rest.si\/wp-content\/uploads\/2022\/01\/mgc2-domzale-not.jpg 1620w\" sizes=\"(max-width: 555px) 100vw, 555px\" title=\"Sheltered apartment MGC Dom\u017eale\" alt=\"\" \t\tclass=\"so-widget-image\"\/>\n\t\t\t<\/a><\/div>\n\n<\/div><\/div><\/div><\/div><\/div><\/div><\/div><\/div><div id=\"pg-2921-3\"  class=\"panel-grid panel-no-style\" ><div id=\"pgc-2921-3-0\"  class=\"panel-grid-cell\" ><div id=\"panel-2921-3-0-0\" class=\"so-panel widget widget_pt_testimonials widget-testimonials panel-first-child panel-last-child\" data-index=\"4\" >\n\t\t\t<div class=\"testimonial\">\n\t\t\t\t<h2 class=\"widget-title\">\n\t\t\t\t\t\t\t\t\t<a class=\"testimonial__carousel  testimonial__carousel--left\" href=\"#carousel-testimonials-widget-3-0-0\" data-slide=\"next\"><i class=\"fa  fa-angle-right\" aria-hidden=\"true\"><\/i><span class=\"sr-only\" role=\"button\">Next<\/span><\/a>\n\t\t\t\t\t<a class=\"testimonial__carousel  testimonial__carousel--right\" href=\"#carousel-testimonials-widget-3-0-0\" data-slide=\"prev\"><i class=\"fa  fa-angle-left\" aria-hidden=\"true\"><\/i><span class=\"sr-only\" role=\"button\">Previous<\/span><\/a>\n\t\t\t\t\n\t\t\t\t\tTestimonials\t\t\t\t<\/h2>\n\t\t\t\t<div id=\"carousel-testimonials-widget-3-0-0\" class=\"carousel slide\" >\n\t\t\t\t\t<!-- Wrapper for slides -->\n\t\t\t\t\t<div class=\"carousel-inner\" role=\"listbox\">\n\t\t\t\t\t\t<div class=\"item active\">\n\t\t\t\t\t\t\t<div class=\"row\">\n\t\t\t\t\t\t\t\t\t\t\t\t\t\t\t\t\t\t\t\t\t\t\t<div class=\"col-xs-12  col-sm-6\">\n\t\t\t\t\t\t\t\t\t<blockquote class=\"testimonial__quote\">\n\t\t\t\t\t\t\t\t\t\t<strong>Aquamarina resort<\/strong><br>\nA lovely apartment with a big terrace which offers a perfect view to relax and recharge. It is completely equipped, which enables you to only take with you the things you need most and start your vacation in the most carefree way possible. As we stayed there for two weeks, the washing machine, an absolute plus, came in very handy as well. The apartment is very nice and spacious with all the necessary infrastructure located nearby. There are good connections available, and the surroundings are beautiful.\t\t\t\t\t\t\t\t\t<\/blockquote>\n\t\t\t\t\t\t\t\t\t<cite class=\"testimonial__author\">\n\t\t\t\t\t\t\t\t\t\tNata\u0161a,Velike La\u0161\u010de, Slovenia\t\t\t\t\t\t\t\t\t<\/cite>\n\n\t\t\t\t\t\t\t\t\t\t\t\t\t\t\t\t\t\t\t<div class=\"testimonial__rating\">\n\t\t\t\t\t\t\t\t\t\t<i class=\"fa  fa-star\"><\/i><i class=\"fa  fa-star\"><\/i><i class=\"fa  fa-star\"><\/i><i class=\"fa  fa-star\"><\/i><i class=\"fa  fa-star\"><\/i>\t\t\t\t\t\t\t\t\t\t<\/div>\n\t\t\t\t\t\t\t\t\t\t\t\t\t\t\t\t\t<\/div>\n\t\t\t\t\t\t\t\t\t\t\t\t\t\t\t\t\t\t\t\t\t\t\t<div class=\"col-xs-12  col-sm-6\">\n\t\t\t\t\t\t\t\t\t<blockquote class=\"testimonial__quote\">\n\t\t\t\t\t\t\t\t\t\t<strong>Kranjska Gora<\/strong><br>\nTop location, an excellent starting point for a variety of sports activities and a very comfortable, luxurious apartment with everything you need for a comfortable stay.\t\t\t\t\t\t\t\t\t<\/blockquote>\n\t\t\t\t\t\t\t\t\t<cite class=\"testimonial__author\">\n\t\t\t\t\t\t\t\t\t\tRok, Novo mesto, Slovenia\t\t\t\t\t\t\t\t\t<\/cite>\n\n\t\t\t\t\t\t\t\t\t\t\t\t\t\t\t\t\t\t\t<div class=\"testimonial__rating\">\n\t\t\t\t\t\t\t\t\t\t<i class=\"fa  fa-star\"><\/i><i class=\"fa  fa-star\"><\/i><i class=\"fa  fa-star\"><\/i><i class=\"fa  fa-star\"><\/i><i class=\"fa  fa-star\"><\/i>\t\t\t\t\t\t\t\t\t\t<\/div>\n\t\t\t\t\t\t\t\t\t\t\t\t\t\t\t\t\t<\/div>\n\t\t\t\t\t\t\t\t\t\t\t\t\t\t\t<\/div><\/div> <div class=\"item\"><div class=\"row\">\t\t\t\t\t\t\t\t<div class=\"col-xs-12  col-sm-6\">\n\t\t\t\t\t\t\t\t\t<blockquote class=\"testimonial__quote\">\n\t\t\t\t\t\t\t\t\t\t<strong>Aquamarina resort<\/strong><br>\nA great location, friendly staff and comfortably furnished apartment, where my friends and I had a great time. The apartment offers everything you need, including a dishwasher, which made our nights much easier, since we gladly traded dishwashing for some card games and watching the sunset. Cosy, comfortable and well-connected to the surroundings. Would definitely recommend it, we will surely come back next year.\t\t\t\t\t\t\t\t\t<\/blockquote>\n\t\t\t\t\t\t\t\t\t<cite class=\"testimonial__author\">\n\t\t\t\t\t\t\t\t\t\tMiha, Dom\u017eale, Slovenia\t\t\t\t\t\t\t\t\t<\/cite>\n\n\t\t\t\t\t\t\t\t\t\t\t\t\t\t\t\t\t\t\t<div class=\"testimonial__rating\">\n\t\t\t\t\t\t\t\t\t\t<i class=\"fa  fa-star\"><\/i><i class=\"fa  fa-star\"><\/i><i class=\"fa  fa-star\"><\/i><i class=\"fa  fa-star\"><\/i><i class=\"fa  fa-star\"><\/i>\t\t\t\t\t\t\t\t\t\t<\/div>\n\t\t\t\t\t\t\t\t\t\t\t\t\t\t\t\t\t<\/div>\n\t\t\t\t\t\t\t\t\t\t\t\t\t\t\t\t\t\t\t\t\t\t\t<div class=\"col-xs-12  col-sm-6\">\n\t\t\t\t\t\t\t\t\t<blockquote class=\"testimonial__quote\">\n\t\t\t\t\t\t\t\t\t\t<strong>Kranjska Gora<\/strong><br>\nA luxurious apartment that quickly becomes your home. The icing on the cake is the infrared sauna that offers a complete relaxation after a long day at work. The location is great, as it is just a few-minute drive away from the very centre of the Kranjska Gora town. Highly recommend it.\t\t\t\t\t\t\t\t\t<\/blockquote>\n\t\t\t\t\t\t\t\t\t<cite class=\"testimonial__author\">\n\t\t\t\t\t\t\t\t\t\tTina, \u017delezniki, Slovenia\t\t\t\t\t\t\t\t\t<\/cite>\n\n\t\t\t\t\t\t\t\t\t\t\t\t\t\t\t\t\t\t\t<div class=\"testimonial__rating\">\n\t\t\t\t\t\t\t\t\t\t<i class=\"fa  fa-star\"><\/i><i class=\"fa  fa-star\"><\/i><i class=\"fa  fa-star\"><\/i><i class=\"fa  fa-star\"><\/i><i class=\"fa  fa-star\"><\/i>\t\t\t\t\t\t\t\t\t\t<\/div>\n\t\t\t\t\t\t\t\t\t\t\t\t\t\t\t\t\t<\/div>\n\t\t\t\t\t\t\t\t\t\t\t\t\t\t<\/div>\n\t\t\t\t\t\t<\/div>\n\t\t\t\t\t<\/div>\n\t\t\t\t<\/div>\n\t\t\t<\/div>\n\n\t\t\t<\/div><\/div><\/div><\/div>","protected":false},"excerpt":{"rendered":"<p>Selected apartments All the apartments available for rent are the property of our company and equipped with high-standard furniture and appliances. Great locations You can choose from different apartments in Slovenia and abroad. Excellent decision You can enjoy your vacations and have a good long rest, as our apartment is designed to fulfil all your &hellip;<\/p>\n","protected":false},"author":1,"featured_media":0,"parent":0,"menu_order":0,"comment_status":"closed","ping_status":"closed","template":"template-front-page-slider.php","meta":{"_acf_changed":false,"footnotes":""},"class_list":["post-2921","page","type-page","status-publish","hentry"],"acf":[],"yoast_head":"<!-- This site is optimized with the Yoast SEO plugin v27.3 - https:\/\/yoast.com\/product\/yoast-seo-wordpress\/ -->\n<title>Home - Rent Rest<\/title>\n<meta name=\"robots\" content=\"index, follow, max-snippet:-1, max-image-preview:large, max-video-preview:-1\" \/>\n<link rel=\"canonical\" href=\"https:\/\/rent-rest.si\/en\/\" \/>\n<meta property=\"og:locale\" content=\"en_US\" \/>\n<meta property=\"og:type\" content=\"article\" \/>\n<meta property=\"og:title\" content=\"Home - Rent Rest\" \/>\n<meta property=\"og:description\" content=\"Selected apartments All the apartments available for rent are the property of our company and equipped with high-standard furniture and appliances. Great locations You can choose from different apartments in Slovenia and abroad. Excellent decision You can enjoy your vacations and have a good long rest, as our apartment is designed to fulfil all your &hellip;\" \/>\n<meta property=\"og:url\" content=\"https:\/\/rent-rest.si\/en\/\" \/>\n<meta property=\"og:site_name\" content=\"Rent Rest\" \/>\n<meta property=\"article:modified_time\" content=\"2025-11-11T12:36:55+00:00\" \/>\n<meta name=\"twitter:card\" content=\"summary_large_image\" \/>\n<meta name=\"twitter:label1\" content=\"Est. reading time\" \/>\n\t<meta name=\"twitter:data1\" content=\"1 minute\" \/>\n<script type=\"application\/ld+json\" class=\"yoast-schema-graph\">{\"@context\":\"https:\\\/\\\/schema.org\",\"@graph\":[{\"@type\":\"WebPage\",\"@id\":\"https:\\\/\\\/rent-rest.si\\\/en\\\/\",\"url\":\"https:\\\/\\\/rent-rest.si\\\/en\\\/\",\"name\":\"Home - Rent Rest\",\"isPartOf\":{\"@id\":\"https:\\\/\\\/rent-rest.si\\\/en\\\/#website\"},\"datePublished\":\"2017-06-27T18:23:15+00:00\",\"dateModified\":\"2025-11-11T12:36:55+00:00\",\"breadcrumb\":{\"@id\":\"https:\\\/\\\/rent-rest.si\\\/en\\\/#breadcrumb\"},\"inLanguage\":\"en-US\",\"potentialAction\":[{\"@type\":\"ReadAction\",\"target\":[\"https:\\\/\\\/rent-rest.si\\\/en\\\/\"]}]},{\"@type\":\"BreadcrumbList\",\"@id\":\"https:\\\/\\\/rent-rest.si\\\/en\\\/#breadcrumb\",\"itemListElement\":[{\"@type\":\"ListItem\",\"position\":1,\"name\":\"Home\",\"item\":\"https:\\\/\\\/rent-rest.si\\\/en\\\/\"},{\"@type\":\"ListItem\",\"position\":2,\"name\":\"Home\"}]},{\"@type\":\"WebSite\",\"@id\":\"https:\\\/\\\/rent-rest.si\\\/en\\\/#website\",\"url\":\"https:\\\/\\\/rent-rest.si\\\/en\\\/\",\"name\":\"Rent Rest\",\"description\":\"\",\"potentialAction\":[{\"@type\":\"SearchAction\",\"target\":{\"@type\":\"EntryPoint\",\"urlTemplate\":\"https:\\\/\\\/rent-rest.si\\\/en\\\/?s={search_term_string}\"},\"query-input\":{\"@type\":\"PropertyValueSpecification\",\"valueRequired\":true,\"valueName\":\"search_term_string\"}}],\"inLanguage\":\"en-US\"}]}<\/script>\n<!-- \/ Yoast SEO plugin. -->","yoast_head_json":{"title":"Home - Rent Rest","robots":{"index":"index","follow":"follow","max-snippet":"max-snippet:-1","max-image-preview":"max-image-preview:large","max-video-preview":"max-video-preview:-1"},"canonical":"https:\/\/rent-rest.si\/en\/","og_locale":"en_US","og_type":"article","og_title":"Home - Rent Rest","og_description":"Selected apartments All the apartments available for rent are the property of our company and equipped with high-standard furniture and appliances. Great locations You can choose from different apartments in Slovenia and abroad. Excellent decision You can enjoy your vacations and have a good long rest, as our apartment is designed to fulfil all your &hellip;","og_url":"https:\/\/rent-rest.si\/en\/","og_site_name":"Rent Rest","article_modified_time":"2025-11-11T12:36:55+00:00","twitter_card":"summary_large_image","twitter_misc":{"Est. reading time":"1 minute"},"schema":{"@context":"https:\/\/schema.org","@graph":[{"@type":"WebPage","@id":"https:\/\/rent-rest.si\/en\/","url":"https:\/\/rent-rest.si\/en\/","name":"Home - Rent Rest","isPartOf":{"@id":"https:\/\/rent-rest.si\/en\/#website"},"datePublished":"2017-06-27T18:23:15+00:00","dateModified":"2025-11-11T12:36:55+00:00","breadcrumb":{"@id":"https:\/\/rent-rest.si\/en\/#breadcrumb"},"inLanguage":"en-US","potentialAction":[{"@type":"ReadAction","target":["https:\/\/rent-rest.si\/en\/"]}]},{"@type":"BreadcrumbList","@id":"https:\/\/rent-rest.si\/en\/#breadcrumb","itemListElement":[{"@type":"ListItem","position":1,"name":"Home","item":"https:\/\/rent-rest.si\/en\/"},{"@type":"ListItem","position":2,"name":"Home"}]},{"@type":"WebSite","@id":"https:\/\/rent-rest.si\/en\/#website","url":"https:\/\/rent-rest.si\/en\/","name":"Rent Rest","description":"","potentialAction":[{"@type":"SearchAction","target":{"@type":"EntryPoint","urlTemplate":"https:\/\/rent-rest.si\/en\/?s={search_term_string}"},"query-input":{"@type":"PropertyValueSpecification","valueRequired":true,"valueName":"search_term_string"}}],"inLanguage":"en-US"}]}},"_links":{"self":[{"href":"https:\/\/rent-rest.si\/en\/wp-json\/wp\/v2\/pages\/2921","targetHints":{"allow":["GET"]}}],"collection":[{"href":"https:\/\/rent-rest.si\/en\/wp-json\/wp\/v2\/pages"}],"about":[{"href":"https:\/\/rent-rest.si\/en\/wp-json\/wp\/v2\/types\/page"}],"author":[{"embeddable":true,"href":"https:\/\/rent-rest.si\/en\/wp-json\/wp\/v2\/users\/1"}],"replies":[{"embeddable":true,"href":"https:\/\/rent-rest.si\/en\/wp-json\/wp\/v2\/comments?post=2921"}],"version-history":[{"count":66,"href":"https:\/\/rent-rest.si\/en\/wp-json\/wp\/v2\/pages\/2921\/revisions"}],"predecessor-version":[{"id":3548,"href":"https:\/\/rent-rest.si\/en\/wp-json\/wp\/v2\/pages\/2921\/revisions\/3548"}],"wp:attachment":[{"href":"https:\/\/rent-rest.si\/en\/wp-json\/wp\/v2\/media?parent=2921"}],"curies":[{"name":"wp","href":"https:\/\/api.w.org\/{rel}","templated":true}]}}